{"id":28869,"date":"2022-09-28T12:44:51","date_gmt":"2022-09-28T10:44:51","guid":{"rendered":"https:\/\/www.mathos.unios.hr\/statistical-seminar\/"},"modified":"2024-01-27T14:59:04","modified_gmt":"2024-01-27T13:59:04","slug":"statistical-seminar","status":"publish","type":"page","link":"https:\/\/www.mathos.unios.hr\/en\/statistical-seminar\/","title":{"rendered":"Statistical seminar"},"content":{"rendered":"\n<div class=\"wp-block-columns is-layout-flex wp-container-core-columns-is-layout-9d6595d7 wp-block-columns-is-layout-flex\">\n<div class=\"wp-block-column is-layout-flow wp-block-column-is-layout-flow\" style=\"flex-basis:66.66%\"><div class=\"wp-block-image\">\n<figure class=\"alignleft size-full\"><img loading=\"lazy\" decoding=\"async\" width=\"300\" height=\"300\" src=\"https:\/\/www.mathos.unios.hr\/wp-content\/uploads\/2024\/01\/StatSem300_300.png\" alt=\"\" class=\"wp-image-37888\" srcset=\"https:\/\/www.mathos.unios.hr\/wp-content\/uploads\/2024\/01\/StatSem300_300.png 300w, https:\/\/www.mathos.unios.hr\/wp-content\/uploads\/2024\/01\/StatSem300_300-150x150.png 150w\" sizes=\"auto, (max-width: 300px) 100vw, 300px\" \/><\/figure>\n<\/div>\n\n\n<p class=\"has-text-align-left\">The Statistical Seminar of the School of Applied Mathematics and Informatics was established in November 2017 with the intention of presenting various topics in applied and mathematical statistics.<\/p>\n\n\n\n<p>The seminar aims to establish scientific collaboration in statistics among faculty members and associates from all units of the Josip Juraj Strossmayer University in Osijek.<\/p>\n\n\n\n<p>The Statistical Seminar takes place on Thursdays at 3:15 PM in Classroom 2 on the second floor of the School of Applied Mathematics and Informatics.<\/p>\n\n\n\n<p><strong>e-mail:<\/strong>&nbsp;<a href=\"mailto:statistika@mathos.hr\">statistika@mathos.hr<\/a><\/p>\n\n\n\n<p>If you want to become a member of the Statistical Seminar, you can do so by filling out the following <a href=\"https:\/\/forms.gle\/H7SVcCWrLPvLHkcy9\" data-type=\"link\" data-id=\"https:\/\/forms.gle\/H7SVcCWrLPvLHkcy9\">application form<\/a>.<\/p>\n\n\n\n<p>Seminar secretary: <a href=\"https:\/\/www.mathos.unios.hr\/en(moj_profil\/ivan-papic\">Ivan Papi\u0107<\/a><\/p>\n\n\n\n<p><\/p>\n\n\n\n\n\n\n<p><strong>Useful links:<\/strong><\/p>\n\n\n\n<ul class=\"wp-block-list\">\n<li><a href=\"https:\/\/www.mathos.unios.hr\/wp-content\/uploads\/2023\/11\/stat-seminar-Os-2023-web.pdf\"><em>Od J. Graunta do W. S. Gosseta &#8211; prvih 250 godina statistike<\/em><\/a><\/li>\n\n\n\n<li>M. Ben\u0161i\u0107, N. \u0160uvak &#8211;&nbsp;<a href=\"https:\/\/www.mathos.unios.hr\/wp-content\/uploads\/2023\/11\/UVIS_knjiga_web.pdf\">Uvod u vjerojatnost i statistiku<\/a>, Odjel za matematiku, Osijek, 2013.<\/li>\n\n\n\n<li>M. Ben\u0161i\u0107, N. \u0160uvak &#8211;&nbsp;<a href=\"https:\/\/www.mathos.unios.hr\/wp-content\/uploads\/2023\/11\/00_statistika.pdf\">Primijenjena statistika<\/a>, Odjel za matematiku, Osijek, 2013.<\/li>\n\n\n\n<li><a href=\"https:\/\/www.mathos.unios.hr\/program-cjelozivotnog-obrazovanja-primijenjena-statistika\/\">Program cjelo\u017eivotnog obrazovanja Primijenjena statistika<\/a><\/li>\n\n\n\n<li><a href=\"https:\/\/cran.r-project.org\/\">https:\/\/cran.r-project.org\/<\/a><\/li>\n\n\n\n<li><a href=\"http:\/\/www.statsoft.com\/Textbook\/Statistics-Glossary\">http:\/\/www.statsoft.com\/Textbook\/Statistics-Glossary<\/a><\/li>\n\n\n\n<li><a href=\"http:\/\/isi.cbs.nl\/glossary\/\">http:\/\/isi.cbs.nl\/glossary\/<\/a><\/li>\n\n\n\n<li><a href=\"http:\/\/www.math.ucla.edu\/~tom\/ProbStatJ.html\">http:\/\/www.math.ucla.edu\/~tom\/ProbStatJ.html<\/a><\/li>\n\n\n\n<li><a href=\"http:\/\/www.cmj.hr\/2004\/45\/4\/15311405.htm\">Twenty Statistical Errors Even YOU Can Find in Biomedical Research Articles<\/a><\/li>\n\n\n\n<li><a href=\"http:\/\/www.equator-network.org\/\">The EQUATOR network (Enhancing the QUAlity and Transparency Of health Research)<\/a><\/li>\n\n\n\n<li><a href=\"http:\/\/www-users.york.ac.uk\/~mb55\/talks\/upset.htm\">How to upset the statistical referee<\/a><\/li>\n\n\n\n<li><a href=\"http:\/\/www.gpower.hhu.de\">http:\/\/www.gpower.hhu.de<\/a><\/li>\n\n\n\n<li><a href=\"https:\/\/github.com\/mzekicsusac\/STATISTICKI_SEMINAR_skripte\">https:\/\/github.com\/mzekicsusac\/STATISTICKI_SEMINAR_skripte<\/a><\/li>\n\n\n\n<li><a href=\"http:\/\/vladowiki.fmf.uni-lj.si\/doku.php?id=events:ysm17:history\">History of YSM<\/a><\/li>\n<\/ul>\n<\/div>\n\n\n\n<div class=\"wp-block-column is-layout-flow wp-block-column-is-layout-flow\" style=\"flex-basis:33.33%\">\n<div class=\"wp-block-group\"><div class=\"wp-block-group__inner-container is-layout-constrained wp-block-group-is-layout-constrained\">\n<div class=\"wp-block-group c-card--med c-card--white u-mb--sml--10\"><div class=\"wp-block-group__inner-container is-layout-constrained wp-block-group-is-layout-constrained\">\n<h3 class=\"wp-block-heading\">Location and time<\/h3>\n\n\n\n<p>School of Applied Mathematics and Informatics<br>Trg Lj. Gaja 6, Osijek<br>Lecture Hall 2<br>Wednesday at 13:15<\/p>\n<\/div><\/div>\n\n\n\n<div class=\"wp-block-group c-card--med c-card--white u-mb--sml--10\"><div class=\"wp-block-group__inner-container is-layout-constrained wp-block-group-is-layout-constrained\">\n<h3 class=\"wp-block-heading\">Seminar Leaders<\/h3>\n\n\n\n<p><a href=\"https:\/\/www.mathos.unios.hr\/moj_profil\/mirta-bensic\/\" data-type=\"moj_profil\" data-id=\"8740\">Mirta Ben\u0161i\u0107<\/a><br><a href=\"https:\/\/www.mathos.unios.hr\/moj_profil\/nenad-suvak\/\" data-type=\"moj_profil\" data-id=\"8574\">Nenad \u0160uvak<\/a><\/p>\n<\/div><\/div>\n\n\n\n<div class=\"wp-block-group c-card--med c-card--white u-mb--sml--10\"><div class=\"wp-block-group__inner-container is-layout-constrained wp-block-group-is-layout-constrained\">\n<h3 class=\"wp-block-heading\">Membership<\/h3>\n\n\n\n<p><a href=\"https:\/\/forms.gle\/H7SVcCWrLPvLHkcy9\">Application form<\/a><\/p>\n<\/div><\/div>\n<\/div><\/div>\n<\/div>\n<\/div>\n","protected":false},"excerpt":{"rendered":"The Statistical Seminar of the School of Applied Mathematics and Informatics was established in November 2017 with the intention of presenting various topics in applied and mathematical statistics. The seminar aims to establish scientific collaboration in statistics among faculty members and associates from all units of the Josip Juraj Strossmayer University in Osijek. The Statistical <a href=\"https:\/\/www.mathos.unios.hr\/en\/statistical-seminar\/\" class=\"more-link\">&#8230;<span class=\"screen-reader-text\">  Statistical seminar<\/span><\/a>","protected":false},"author":4,"featured_media":0,"parent":0,"menu_order":0,"comment_status":"closed","ping_status":"closed","template":"","meta":{"_acf_changed":false,"_editorskit_title_hidden":false,"_editorskit_reading_time":0,"_editorskit_is_block_options_detached":false,"_editorskit_block_options_position":"{}","kk_blocks_editor_width":"","_kiokenblocks_attr":"","_kiokenblocks_dimensions":"","footnotes":""},"class_list":["post-28869","page","type-page","status-publish","hentry"],"acf":[],"yoast_head":"<!-- This site is optimized with the Yoast SEO plugin v27.3 - https:\/\/yoast.com\/product\/yoast-seo-wordpress\/ -->\n<title>Statistical seminar - School of Applied Mathematics and Informatics<\/title>\n<meta name=\"robots\" content=\"index, follow, max-snippet:-1, max-image-preview:large, max-video-preview:-1\" \/>\n<link rel=\"canonical\" href=\"https:\/\/www.mathos.unios.hr\/en\/statistical-seminar\/\" \/>\n<meta property=\"og:locale\" content=\"en_US\" \/>\n<meta property=\"og:type\" content=\"article\" \/>\n<meta property=\"og:title\" content=\"Statistical seminar - School of Applied Mathematics and Informatics\" \/>\n<meta property=\"og:description\" content=\"The Statistical Seminar of the School of Applied Mathematics and Informatics was established in November 2017 with the intention of presenting various topics in applied and mathematical statistics. The seminar aims to establish scientific collaboration in statistics among faculty members and associates from all units of the Josip Juraj Strossmayer University in Osijek. The Statistical ... Statistical seminar\" \/>\n<meta property=\"og:url\" content=\"https:\/\/www.mathos.unios.hr\/en\/statistical-seminar\/\" \/>\n<meta property=\"og:site_name\" content=\"School of Applied Mathematics and Informatics\" \/>\n<meta property=\"article:modified_time\" content=\"2024-01-27T13:59:04+00:00\" \/>\n<meta property=\"og:image\" content=\"https:\/\/www.mathos.unios.hr\/wp-content\/uploads\/2024\/01\/StatSem300_300.png\" \/>\n<meta name=\"twitter:card\" content=\"summary_large_image\" \/>\n<meta name=\"twitter:label1\" content=\"Est. reading time\" \/>\n\t<meta name=\"twitter:data1\" content=\"2 minutes\" \/>\n<script type=\"application\/ld+json\" class=\"yoast-schema-graph\">{\"@context\":\"https:\\\/\\\/schema.org\",\"@graph\":[{\"@type\":\"WebPage\",\"@id\":\"https:\\\/\\\/www.mathos.unios.hr\\\/en\\\/statistical-seminar\\\/\",\"url\":\"https:\\\/\\\/www.mathos.unios.hr\\\/en\\\/statistical-seminar\\\/\",\"name\":\"Statistical seminar - School of Applied Mathematics and Informatics\",\"isPartOf\":{\"@id\":\"https:\\\/\\\/www.mathos.unios.hr\\\/#website\"},\"primaryImageOfPage\":{\"@id\":\"https:\\\/\\\/www.mathos.unios.hr\\\/en\\\/statistical-seminar\\\/#primaryimage\"},\"image\":{\"@id\":\"https:\\\/\\\/www.mathos.unios.hr\\\/en\\\/statistical-seminar\\\/#primaryimage\"},\"thumbnailUrl\":\"https:\\\/\\\/www.mathos.unios.hr\\\/wp-content\\\/uploads\\\/2024\\\/01\\\/StatSem300_300.png\",\"datePublished\":\"2022-09-28T10:44:51+00:00\",\"dateModified\":\"2024-01-27T13:59:04+00:00\",\"inLanguage\":\"en-US\",\"potentialAction\":[{\"@type\":\"ReadAction\",\"target\":[\"https:\\\/\\\/www.mathos.unios.hr\\\/en\\\/statistical-seminar\\\/\"]}]},{\"@type\":\"ImageObject\",\"inLanguage\":\"en-US\",\"@id\":\"https:\\\/\\\/www.mathos.unios.hr\\\/en\\\/statistical-seminar\\\/#primaryimage\",\"url\":\"https:\\\/\\\/www.mathos.unios.hr\\\/wp-content\\\/uploads\\\/2024\\\/01\\\/StatSem300_300.png\",\"contentUrl\":\"https:\\\/\\\/www.mathos.unios.hr\\\/wp-content\\\/uploads\\\/2024\\\/01\\\/StatSem300_300.png\"},{\"@type\":\"WebSite\",\"@id\":\"https:\\\/\\\/www.mathos.unios.hr\\\/#website\",\"url\":\"https:\\\/\\\/www.mathos.unios.hr\\\/\",\"name\":\"School of Applied Mathematics and Informatics\",\"description\":\"MATHOS\",\"potentialAction\":[{\"@type\":\"SearchAction\",\"target\":{\"@type\":\"EntryPoint\",\"urlTemplate\":\"https:\\\/\\\/www.mathos.unios.hr\\\/?s={search_term_string}\"},\"query-input\":{\"@type\":\"PropertyValueSpecification\",\"valueRequired\":true,\"valueName\":\"search_term_string\"}}],\"inLanguage\":\"en-US\"}]}<\/script>\n<!-- \/ Yoast SEO plugin. -->","yoast_head_json":{"title":"Statistical seminar - School of Applied Mathematics and Informatics","robots":{"index":"index","follow":"follow","max-snippet":"max-snippet:-1","max-image-preview":"max-image-preview:large","max-video-preview":"max-video-preview:-1"},"canonical":"https:\/\/www.mathos.unios.hr\/en\/statistical-seminar\/","og_locale":"en_US","og_type":"article","og_title":"Statistical seminar - School of Applied Mathematics and Informatics","og_description":"The Statistical Seminar of the School of Applied Mathematics and Informatics was established in November 2017 with the intention of presenting various topics in applied and mathematical statistics. The seminar aims to establish scientific collaboration in statistics among faculty members and associates from all units of the Josip Juraj Strossmayer University in Osijek. The Statistical ... Statistical seminar","og_url":"https:\/\/www.mathos.unios.hr\/en\/statistical-seminar\/","og_site_name":"School of Applied Mathematics and Informatics","article_modified_time":"2024-01-27T13:59:04+00:00","og_image":[{"url":"https:\/\/www.mathos.unios.hr\/wp-content\/uploads\/2024\/01\/StatSem300_300.png","type":"","width":"","height":""}],"twitter_card":"summary_large_image","twitter_misc":{"Est. reading time":"2 minutes"},"schema":{"@context":"https:\/\/schema.org","@graph":[{"@type":"WebPage","@id":"https:\/\/www.mathos.unios.hr\/en\/statistical-seminar\/","url":"https:\/\/www.mathos.unios.hr\/en\/statistical-seminar\/","name":"Statistical seminar - School of Applied Mathematics and Informatics","isPartOf":{"@id":"https:\/\/www.mathos.unios.hr\/#website"},"primaryImageOfPage":{"@id":"https:\/\/www.mathos.unios.hr\/en\/statistical-seminar\/#primaryimage"},"image":{"@id":"https:\/\/www.mathos.unios.hr\/en\/statistical-seminar\/#primaryimage"},"thumbnailUrl":"https:\/\/www.mathos.unios.hr\/wp-content\/uploads\/2024\/01\/StatSem300_300.png","datePublished":"2022-09-28T10:44:51+00:00","dateModified":"2024-01-27T13:59:04+00:00","inLanguage":"en-US","potentialAction":[{"@type":"ReadAction","target":["https:\/\/www.mathos.unios.hr\/en\/statistical-seminar\/"]}]},{"@type":"ImageObject","inLanguage":"en-US","@id":"https:\/\/www.mathos.unios.hr\/en\/statistical-seminar\/#primaryimage","url":"https:\/\/www.mathos.unios.hr\/wp-content\/uploads\/2024\/01\/StatSem300_300.png","contentUrl":"https:\/\/www.mathos.unios.hr\/wp-content\/uploads\/2024\/01\/StatSem300_300.png"},{"@type":"WebSite","@id":"https:\/\/www.mathos.unios.hr\/#website","url":"https:\/\/www.mathos.unios.hr\/","name":"School of Applied Mathematics and Informatics","description":"MATHOS","potentialAction":[{"@type":"SearchAction","target":{"@type":"EntryPoint","urlTemplate":"https:\/\/www.mathos.unios.hr\/?s={search_term_string}"},"query-input":{"@type":"PropertyValueSpecification","valueRequired":true,"valueName":"search_term_string"}}],"inLanguage":"en-US"}]}},"_links":{"self":[{"href":"https:\/\/www.mathos.unios.hr\/en\/wp-json\/wp\/v2\/pages\/28869","targetHints":{"allow":["GET"]}}],"collection":[{"href":"https:\/\/www.mathos.unios.hr\/en\/wp-json\/wp\/v2\/pages"}],"about":[{"href":"https:\/\/www.mathos.unios.hr\/en\/wp-json\/wp\/v2\/types\/page"}],"author":[{"embeddable":true,"href":"https:\/\/www.mathos.unios.hr\/en\/wp-json\/wp\/v2\/users\/4"}],"replies":[{"embeddable":true,"href":"https:\/\/www.mathos.unios.hr\/en\/wp-json\/wp\/v2\/comments?post=28869"}],"version-history":[{"count":8,"href":"https:\/\/www.mathos.unios.hr\/en\/wp-json\/wp\/v2\/pages\/28869\/revisions"}],"predecessor-version":[{"id":37892,"href":"https:\/\/www.mathos.unios.hr\/en\/wp-json\/wp\/v2\/pages\/28869\/revisions\/37892"}],"wp:attachment":[{"href":"https:\/\/www.mathos.unios.hr\/en\/wp-json\/wp\/v2\/media?parent=28869"}],"curies":[{"name":"wp","href":"https:\/\/api.w.org\/{rel}","templated":true}]}}