{"id":29070,"date":"2022-09-28T12:49:18","date_gmt":"2022-09-28T10:49:18","guid":{"rendered":"https:\/\/www.mathos.unios.hr\/osijek-mathematical-gazette\/"},"modified":"2026-03-17T08:05:37","modified_gmt":"2026-03-17T07:05:37","slug":"osijek-mathematical-gazette","status":"publish","type":"page","link":"https:\/\/www.mathos.unios.hr\/en\/osijek-mathematical-gazette\/","title":{"rendered":"Osijek Mathematical Gazette"},"content":{"rendered":"\n<div class=\"wp-block-columns is-layout-flex wp-container-core-columns-is-layout-9d6595d7 wp-block-columns-is-layout-flex\">\n<div class=\"wp-block-column is-layout-flow wp-block-column-is-layout-flow\" style=\"flex-basis:66.66%\">\n<p><strong>Osijek Mathematical Gazette<\/strong> is the official peer-reviewed journal of the School of Applied Mathematics and Informatics and the Association of Mathematicians Osijek. It is aimed at high school and elementary school students, mathematics students, and teachers. The journal publishes professional and popular articles in mathematics and computer science, as well as topics from other areas if they are related to the primary profile of the journal. Articles can be submitted in Croatian or English language.<\/p>\n\n\n\n<p>The journal has been published since 2001.<\/p>\n\n\n\n<p>ISSN 1845-4607 Print &nbsp;&nbsp;&nbsp;&nbsp;&nbsp;<\/p>\n\n\n\n<p>ISSN 1848-946X Online<\/p>\n\n\n\n<p>Abbreviation: OML<\/p>\n\n\n\n<p>Official website:<code> <a href=\"https:\/\/www.mathos.unios.hr\/en\/osijek-mathematical-gazette\/\">https:\/\/www.mathos.unios.hr\/oml<\/a><\/code><\/p>\n\n\n\n<p>Hr\u010dak OML website: <code><a href=\"http:\/\/hrcak.srce.hr\/osjecki-matematicki-list\">https:\/\/hrcak.srce.hr\/osjecki-matematicki-list<\/a><\/code><\/p>\n\n\n\n<p><strong>Licensing:&nbsp;<\/strong><\/p>\n\n\n\n<p><a href=\"https:\/\/creativecommons.org\/licenses\/by-nc\/4.0\/\">CC BY-NC 4.0 DEED Attribution-NonCommercial 4.0 International<\/a><\/p>\n\n\n\n<hr class=\"wp-block-separator has-alpha-channel-opacity\"\/>\n\n\n\n<h1 class=\"wp-block-heading\">Goal and scope<\/h1>\n\n\n\n<p>Osijek Mathematical Gazette publishes works in mathematics and computer science aimed at, but not limited to, elementary and high school teachers and mathematics\/computer science students.<\/p>\n\n\n\n<p>In addition to regular articles, it includes supplements: Notes from the history of mathematics, Stories with problem-solving challenges, information from the School of Applied Mathematics and Informatics, information from the Association of Mathematicians Osijek, information from the Mathematical Club, etc. Since 2001, it has been regularly published twice a year under the name Osijek Mathematical School (Osje\u010dka matemati\u010dka \u0161kola) (from 2001 to 2004) and since 2005 under the name Osijek Mathematical Gazette (Osje\u010dki matemati\u010dki list).&nbsp;<\/p>\n\n\n\n<p>Published regularly &#8211; 2 times a year.<\/p>\n\n\n\n<p>A copy is free of charge to active members of the Association of Mathematicians Osijek.<\/p>\n\n\n\n<p>The journal does not charge for printing works per page.<\/p>\n\n\n\n<hr class=\"wp-block-separator has-alpha-channel-opacity\"\/>\n\n\n\n<h1 class=\"wp-block-heading\">Review process<\/h1>\n\n\n\n<p>Each manuscript undergoes peer review according to the following procedures:<\/p>\n\n\n\n<p><strong>Initial manuscript assessment.&nbsp;<\/strong>The editors first assess all manuscripts. In many cases, at this stage, editors return the manuscript to the authors if it does not meet the interests of the journal and the expected level of quality. Manuscripts that meet the minimum criteria are typically forwarded to at least two reviewers.<\/p>\n\n\n\n<p><strong>Types of professional review.\u00a0<\/strong>Osijek Mathematical Gazette conducts double single-blind peer review, where the reviewer is unknown to the author, and vice-versa.<\/p>\n\n\n\n<p><strong>Final report.&nbsp;<\/strong>The reviewers advise the editors. The editorial decision to accept or reject the manuscript will be promptly communicated to the author, along with appropriately detailed explanations.<\/p>\n\n\n\n<p><strong>The editorial decision is final.&nbsp;<\/strong>The editors are responsible for the final decision to accept or reject the manuscript; in that case, the process concludes.<\/p>\n\n\n\n<hr class=\"wp-block-separator has-alpha-channel-opacity\"\/>\n\n\n\n<h1 class=\"wp-block-heading\">Biannual journal publication<\/h1>\n\n\n\n<p>The journal is issued in one volume with 2 issues per year.<\/p>\n\n\n\n<h1 class=\"wp-block-heading\">Open access<\/h1>\n\n\n\n<p>Osijek Mathematical Gazette is an open-access journal, meaning that all content is freely available to the user or their institution without charge. Users are allowed to read, download, distribute, print, search, or link to the full texts of the articles in this journal without prior permission from the publisher or author. This complies with the BOAI definition of open access. The journal provides open access to the full texts of all papers through the <a href=\"http:\/\/hrcak.srce.hr\/osjecki-matematicki-list\">Hr\u010dak <\/a>database.<\/p>\n\n\n\n<p>There is no subscription fee, pay-per-view fee, or charge for reprinting.<\/p>\n\n\n\n<h1 class=\"wp-block-heading\">Sources of revenue<\/h1>\n\n\n\n<p>The journal is financially supported by the Ministry of Science and Education of the Republic of Croatia and the publisher, the School of Applied Mathematics and Informatics.<\/p>\n\n\n\n<hr class=\"wp-block-separator has-alpha-channel-opacity\"\/>\n\n\n\n<h1 class=\"wp-block-heading\">Author guidelines<\/h1>\n\n\n\n<p>Osijek Mathematical Gazette publishes professional papers in mathematics and computer science, as well as topics from other fields if they are in some way related to the primary profile of the journal.<\/p>\n\n\n\n<h2 class=\"wp-block-heading\">Submitting a paper:<\/h2>\n\n\n\n<p>We invite authors to submit their papers electronically in PDF format to the journal&#8217;s email address: <a href=\"mailto:oml@mathos.hr\">oml@mathos.hr<\/a>. The first page should contain the article title and author names. Images and tables should be sent separately.<\/p>\n\n\n\n<p>If the author does not submit the paper electronically, then three single-sided copies of the paper with double spacing should be sent to the address: Osijek Mathematical Gazette, School of Applied Mathematics and Informatics, Trg Ljudevita Gaja 6 HR-31000 Osijek, Croatia.<\/p>\n\n\n\n<p>We kindly ask authors to write their papers using the LaTeX environment using the OML style. The style, along with an example and .tex file, can be downloaded from <a href=\"https:\/\/www.mathos.unios.hr\/wp-content\/uploads\/2023\/11\/OML.zip\">here<\/a>.<\/p>\n\n\n\n<p>Authors are required to have an <a href=\"https:\/\/orcid.org\/\">ORCID<\/a> identifier for entering it into HR\u010cAK after the paper is published. To obtain an ORCID identifier, if the author doesn&#8217;t have one, it&#8217;s sufficient to provide an email address to the editorial office when submitting the paper. HR\u010cAK will automatically contact the authors to provide their authenticated ORCID identifier.<\/p>\n\n\n\n<h3 class=\"wp-block-heading\">Literature<\/h3>\n\n\n\n<p>The literature should be listed in alphabetical order. The following styles should be used:<\/p>\n\n\n\n<ol class=\"wp-block-list\">\n<li>Articles in journals:\n<ul class=\"wp-block-list\">\n<li>M. Ben\u0161i\u0107,<em>&nbsp;Igra na sre\u0107u<\/em>, Osje\u010dka matemati\u010dka \u0161kola, <strong>1<\/strong>(2001), 97-85<\/li>\n<\/ul>\n<\/li>\n\n\n\n<li>Books and textbooks:\n<ul class=\"wp-block-list\">\n<li>M. Pavlekovi\u0107,&nbsp;<em>Metodika nastave matematike s informatikom I<\/em>, Element, Zagreb 1997.<\/li>\n<\/ul>\n<\/li>\n\n\n\n<li>Conference proceedings:\n<ul class=\"wp-block-list\">\n<li>N. Sarapa,&nbsp;<em>Populacija.&nbsp;Statisti\u010dko obilje\u017eje<\/em>, Zbornik radova 3. susreta nastavnika matematike, (urednik: S. Varo\u0161anec), Hrvatsko matemati\u010dko dru\u0161tvo, 1996, 184-216.<\/li>\n<\/ul>\n<\/li>\n<\/ol>\n\n\n\n<h2 class=\"wp-block-heading\">Table of contents<\/h2>\n\n\n\n<hr class=\"wp-block-separator has-alpha-channel-opacity\"\/>\n\n\n\n<p>Articles in electronic format can be downloaded from the Portal of Scientific Journals of Croatia &#8211; <a href=\"http:\/\/hrcak.srce.hr\/osjecki-matematicki-list\">Hr\u010dak<\/a>.<\/p>\n<\/div>\n\n\n\n<div class=\"wp-block-column is-layout-flow wp-block-column-is-layout-flow\" style=\"flex-basis:33.33%\">\n<div class=\"wp-block-kioken-accordion kioken-accordion-3\">\n<div class=\"wp-block-kioken-accordion-item kioken-accordion-item\"><a href=\"#accordioneditorinchief\" class=\"kioken-accordion-item-heading\"><span class=\"kioken-accordion-item-label\">Editor-in-chief<\/span><span class=\"kioken-accordion-item-collapse\"><svg xmlns=\"http:\/\/www.w3.org\/2000\/svg\" width=\"24\" height=\"24\"><path d=\"M12 5a1 1 0 0 1 1 1v5h5a1 1 0 1 1 0 2h-5v5a1 1 0 1 1-2 0v-5H6a1 1 0 1 1 0-2h5V6a1 1 0 0 1 1-1z\" fill=\"currentColor\" fill-rule=\"evenodd\"><\/path><\/svg><\/span><\/a><div class=\"kioken-accordion-item-content\">\n<p><\/p>\n\n\n\n<figure class=\"wp-block-image size-full\"><img loading=\"lazy\" decoding=\"async\" width=\"552\" height=\"830\" src=\"https:\/\/www.mathos.unios.hr\/wp-content\/uploads\/2023\/02\/AVM6139.jpg\" alt=\"\" class=\"wp-image-1803\" srcset=\"https:\/\/www.mathos.unios.hr\/wp-content\/uploads\/2023\/02\/AVM6139.jpg 552w, https:\/\/www.mathos.unios.hr\/wp-content\/uploads\/2023\/02\/AVM6139-200x300.jpg 200w\" sizes=\"auto, (max-width: 552px) 100vw, 552px\" \/><\/figure>\n\n\n\n<p><strong>Zdenka Kolar Begovi\u0107<\/strong><br>School of Applied Mathematics and Informatics<br>J. J. Strossmayer University of Osijek<br>Trg Ljudevita Gaja 6<br>HR-31000 Osijek<\/p>\n\n\n\n<p>tel: +385-31-224-822<br>fax: +385-31-224-801<br>email: <code>zkolar@mathos.hr<\/code><br>office: 19 (1st floor)<\/p>\n<\/div><\/div>\n\n\n\n<div class=\"wp-block-kioken-accordion-item kioken-accordion-item\"><a href=\"#accordiontechnical-editor\" class=\"kioken-accordion-item-heading\"><span class=\"kioken-accordion-item-label\">Technical editor<\/span><span class=\"kioken-accordion-item-collapse\"><svg xmlns=\"http:\/\/www.w3.org\/2000\/svg\" width=\"24\" height=\"24\"><path d=\"M12 5a1 1 0 0 1 1 1v5h5a1 1 0 1 1 0 2h-5v5a1 1 0 1 1-2 0v-5H6a1 1 0 1 1 0-2h5V6a1 1 0 0 1 1-1z\" fill=\"currentColor\" fill-rule=\"evenodd\"><\/path><\/svg><\/span><\/a><div class=\"kioken-accordion-item-content\">\n<p><\/p>\n\n\n\n<figure class=\"wp-block-image size-full\"><img loading=\"lazy\" decoding=\"async\" width=\"552\" height=\"830\" src=\"https:\/\/www.mathos.unios.hr\/wp-content\/uploads\/2023\/02\/AVM6266.jpg\" alt=\"\" class=\"wp-image-1805\" srcset=\"https:\/\/www.mathos.unios.hr\/wp-content\/uploads\/2023\/02\/AVM6266.jpg 552w, https:\/\/www.mathos.unios.hr\/wp-content\/uploads\/2023\/02\/AVM6266-200x300.jpg 200w\" sizes=\"auto, (max-width: 552px) 100vw, 552px\" \/><\/figure>\n\n\n\n<p><strong>Domagoj \u0160everdija<\/strong><br>School of Applied Mathematics and Informatics<br>J. J. Strossmayer University of Osijek<br>Trg Ljudevita Gaja 6<br>HR-31000 Osijek <br><br>tel: +385-31-224-824<br>fax: +385-31-224-801<br>email: <code>dseverdi@mathos.hr<\/code> <br>office: 8 (1st floor)<\/p>\n<\/div><\/div>\n\n\n\n<div class=\"wp-block-kioken-accordion-item kioken-accordion-item\"><a href=\"#accordioneditorial-board\" class=\"kioken-accordion-item-heading\"><span class=\"kioken-accordion-item-label\">Editorial board<\/span><span class=\"kioken-accordion-item-collapse\"><svg xmlns=\"http:\/\/www.w3.org\/2000\/svg\" width=\"24\" height=\"24\"><path d=\"M12 5a1 1 0 0 1 1 1v5h5a1 1 0 1 1 0 2h-5v5a1 1 0 1 1-2 0v-5H6a1 1 0 1 1 0-2h5V6a1 1 0 0 1 1-1z\" fill=\"currentColor\" fill-rule=\"evenodd\"><\/path><\/svg><\/span><\/a><div class=\"kioken-accordion-item-content\">\n<p><strong><a href=\"https:\/\/www.mathos.unios.hr\/moj_profil\/mirta-bensic\/\">Mirta Ben\u0161i\u0107<\/a><\/strong><br>School of Applied Mathematics and Informatics<br>J. J. Strossmayer University of Osijek<br><a href=\"https:\/\/www.mathos.unios.hr\/moj_profil\/ljerka-jukic-matic\/\"><strong>Ljerka Juki\u0107 Mati\u0107<\/strong><\/a><br>School of Applied Mathematics and Informatics<br>J. J. Strossmayer University of Osijek<br><a href=\"http:\/\/wt.foozos.hr\/odsjek-za-prirodne-znanosti\/ruzica-kolar-super\"><strong>Ru\u017eica Kolar-\u0160uper<\/strong><\/a><br>Faculty of Education<br>J. J. Strossmayer University of Osijek<br><a href=\"https:\/\/inside.trinity.edu\/directory\/nmacura\"><strong>Nata\u0161a Macura<\/strong><\/a><br>Department of Mathematics<br>Trinity University San Antonio, USA<br><a href=\"https:\/\/www.mathos.unios.hr\/moj_profil\/tomislav-marosevic\/\"><strong>Tomislav Maro\u0161evi\u0107<\/strong><\/a><br>School of Applied Mathematics and Informatics<br>J. J. Strossmayer University of Osijek<br><a href=\"https:\/\/www.mathos.unios.hr\/moj_profil\/ivan-matic\/\"><strong>Ivan Mati\u0107<\/strong><\/a><br>School of Applied Mathematics and Informatics<br>J. J. Strossmayer University of Osijek<br><a href=\"https:\/\/www.mathos.unios.hr\/moj_profil\/kristian-sabo\/\"><strong>Kristian Sabo<\/strong><\/a><br>School of Applied Mathematics and Informatics<br>J. J. Strossmayer University of Osijek<br><a href=\"https:\/\/www.mathos.unios.hr\/moj_profil\/rudolf-scitovski\/\"><strong>Rudolf Scitovski<\/strong><\/a><br>School of Applied Mathematics and Informatics<br>J. J. Strossmayer University of Osijek<br><a href=\"https:\/\/www.mathos.unios.hr\/moj_profil\/ninoslav-truhar\/\"><strong>Ninoslav Truhar<\/strong><\/a><br>School of Applied Mathematics and Informatics<br>J. J. Strossmayer University of Osijek<br><a href=\"https:\/\/www.mathos.unios.hr\/moj_profil\/sime-ungar\/\"><strong>\u0160ime Ungar<\/strong><\/a><br>School of Applied Mathematics and Informatics<br>J. J. Strossmayer University of Osijek<br><strong><a href=\"https:\/\/www.mathos.unios.hr\/moj_profil\/mihaela-ribicic-penava\/\">Mihaela Ribi\u010di\u0107 Penava<\/a><\/strong> School of Applied Mathematics and Informatics<br>J. J. Strossmayer University of Osijek<\/p>\n<\/div><\/div>\n<\/div>\n\n\n\n<div class=\"wp-block-group c-card--med c-card--white\"><div class=\"wp-block-group__inner-container is-layout-constrained wp-block-group-is-layout-constrained\">\n<figure class=\"wp-block-image size-full is-resized\"><img loading=\"lazy\" decoding=\"async\" width=\"696\" height=\"984\" src=\"https:\/\/www.mathos.unios.hr\/wp-content\/uploads\/2023\/02\/OML_12_2_cover.png\" alt=\"\" class=\"wp-image-1790\" style=\"width:152px;height:214px\" srcset=\"https:\/\/www.mathos.unios.hr\/wp-content\/uploads\/2023\/02\/OML_12_2_cover.png 696w, https:\/\/www.mathos.unios.hr\/wp-content\/uploads\/2023\/02\/OML_12_2_cover-212x300.png 212w\" sizes=\"auto, (max-width: 696px) 100vw, 696px\" \/><\/figure>\n\n\n\n<p><strong>Osijek Mathematical Gazette (Osje\u010dki matemati\u010dki list<\/strong>)<br><\/p>\n\n\n\n<p>School of Applied Mathematics and Informatics<br>Josip Juraj Strossmayer University of Osijek<br>Trg Lj. Gaja 6<br>HR-31000 Osijek<br><br>email: <a href=\"mailto:oml@mathos.hr\">oml@mathos.hr<\/a><br>tel: +385 31-224-800<br>fax: +385 31-224-801<br><br>IBAN:&nbsp;HR8724020061101166712<\/p>\n<\/div><\/div>\n<\/div>\n<\/div>\n","protected":false},"excerpt":{"rendered":"Osijek Mathematical Gazette is the official peer-reviewed journal of the School of Applied Mathematics and Informatics and the Association of Mathematicians Osijek. It is aimed at high school and elementary school students, mathematics students, and teachers. The journal publishes professional and popular articles in mathematics and computer science, as well as topics from other areas <a href=\"https:\/\/www.mathos.unios.hr\/en\/osijek-mathematical-gazette\/\" class=\"more-link\">&#8230;<span class=\"screen-reader-text\">  Osijek Mathematical Gazette<\/span><\/a>","protected":false},"author":4,"featured_media":0,"parent":0,"menu_order":0,"comment_status":"closed","ping_status":"closed","template":"","meta":{"_acf_changed":false,"_editorskit_title_hidden":false,"_editorskit_reading_time":0,"_editorskit_is_block_options_detached":false,"_editorskit_block_options_position":"{}","kk_blocks_editor_width":"","_kiokenblocks_attr":"","_kiokenblocks_dimensions":"","footnotes":""},"class_list":["post-29070","page","type-page","status-publish","hentry"],"acf":[],"yoast_head":"<!-- This site is optimized with the Yoast SEO plugin v27.3 - https:\/\/yoast.com\/product\/yoast-seo-wordpress\/ -->\n<title>Osijek Mathematical Gazette - School of Applied Mathematics and Informatics<\/title>\n<meta name=\"robots\" content=\"index, follow, max-snippet:-1, max-image-preview:large, max-video-preview:-1\" \/>\n<link rel=\"canonical\" href=\"https:\/\/www.mathos.unios.hr\/en\/osijek-mathematical-gazette\/\" \/>\n<meta property=\"og:locale\" content=\"en_US\" \/>\n<meta property=\"og:type\" content=\"article\" \/>\n<meta property=\"og:title\" content=\"Osijek Mathematical Gazette - School of Applied Mathematics and Informatics\" \/>\n<meta property=\"og:description\" content=\"Osijek Mathematical Gazette is the official peer-reviewed journal of the School of Applied Mathematics and Informatics and the Association of Mathematicians Osijek. It is aimed at high school and elementary school students, mathematics students, and teachers. The journal publishes professional and popular articles in mathematics and computer science, as well as topics from other areas ... Osijek Mathematical Gazette\" \/>\n<meta property=\"og:url\" content=\"https:\/\/www.mathos.unios.hr\/en\/osijek-mathematical-gazette\/\" \/>\n<meta property=\"og:site_name\" content=\"School of Applied Mathematics and Informatics\" \/>\n<meta property=\"article:modified_time\" content=\"2026-03-17T07:05:37+00:00\" \/>\n<meta property=\"og:image\" content=\"https:\/\/www.mathos.unios.hr\/wp-content\/uploads\/2023\/02\/AVM6139.jpg\" \/>\n\t<meta property=\"og:image:width\" content=\"552\" \/>\n\t<meta property=\"og:image:height\" content=\"830\" \/>\n\t<meta property=\"og:image:type\" content=\"image\/jpeg\" \/>\n<meta name=\"twitter:card\" content=\"summary_large_image\" \/>\n<meta name=\"twitter:label1\" content=\"Est. reading time\" \/>\n\t<meta name=\"twitter:data1\" content=\"7 minutes\" \/>\n<script type=\"application\/ld+json\" class=\"yoast-schema-graph\">{\"@context\":\"https:\\\/\\\/schema.org\",\"@graph\":[{\"@type\":\"WebPage\",\"@id\":\"https:\\\/\\\/www.mathos.unios.hr\\\/en\\\/osijek-mathematical-gazette\\\/\",\"url\":\"https:\\\/\\\/www.mathos.unios.hr\\\/en\\\/osijek-mathematical-gazette\\\/\",\"name\":\"Osijek Mathematical Gazette - School of Applied Mathematics and Informatics\",\"isPartOf\":{\"@id\":\"https:\\\/\\\/www.mathos.unios.hr\\\/#website\"},\"primaryImageOfPage\":{\"@id\":\"https:\\\/\\\/www.mathos.unios.hr\\\/en\\\/osijek-mathematical-gazette\\\/#primaryimage\"},\"image\":{\"@id\":\"https:\\\/\\\/www.mathos.unios.hr\\\/en\\\/osijek-mathematical-gazette\\\/#primaryimage\"},\"thumbnailUrl\":\"https:\\\/\\\/www.mathos.unios.hr\\\/wp-content\\\/uploads\\\/2023\\\/02\\\/AVM6139.jpg\",\"datePublished\":\"2022-09-28T10:49:18+00:00\",\"dateModified\":\"2026-03-17T07:05:37+00:00\",\"inLanguage\":\"en-US\",\"potentialAction\":[{\"@type\":\"ReadAction\",\"target\":[\"https:\\\/\\\/www.mathos.unios.hr\\\/en\\\/osijek-mathematical-gazette\\\/\"]}]},{\"@type\":\"ImageObject\",\"inLanguage\":\"en-US\",\"@id\":\"https:\\\/\\\/www.mathos.unios.hr\\\/en\\\/osijek-mathematical-gazette\\\/#primaryimage\",\"url\":\"https:\\\/\\\/www.mathos.unios.hr\\\/wp-content\\\/uploads\\\/2023\\\/02\\\/AVM6139.jpg\",\"contentUrl\":\"https:\\\/\\\/www.mathos.unios.hr\\\/wp-content\\\/uploads\\\/2023\\\/02\\\/AVM6139.jpg\"},{\"@type\":\"WebSite\",\"@id\":\"https:\\\/\\\/www.mathos.unios.hr\\\/#website\",\"url\":\"https:\\\/\\\/www.mathos.unios.hr\\\/\",\"name\":\"School of Applied Mathematics and Informatics\",\"description\":\"MATHOS\",\"potentialAction\":[{\"@type\":\"SearchAction\",\"target\":{\"@type\":\"EntryPoint\",\"urlTemplate\":\"https:\\\/\\\/www.mathos.unios.hr\\\/?s={search_term_string}\"},\"query-input\":{\"@type\":\"PropertyValueSpecification\",\"valueRequired\":true,\"valueName\":\"search_term_string\"}}],\"inLanguage\":\"en-US\"}]}<\/script>\n<!-- \/ Yoast SEO plugin. -->","yoast_head_json":{"title":"Osijek Mathematical Gazette - School of Applied Mathematics and Informatics","robots":{"index":"index","follow":"follow","max-snippet":"max-snippet:-1","max-image-preview":"max-image-preview:large","max-video-preview":"max-video-preview:-1"},"canonical":"https:\/\/www.mathos.unios.hr\/en\/osijek-mathematical-gazette\/","og_locale":"en_US","og_type":"article","og_title":"Osijek Mathematical Gazette - School of Applied Mathematics and Informatics","og_description":"Osijek Mathematical Gazette is the official peer-reviewed journal of the School of Applied Mathematics and Informatics and the Association of Mathematicians Osijek. It is aimed at high school and elementary school students, mathematics students, and teachers. The journal publishes professional and popular articles in mathematics and computer science, as well as topics from other areas ... Osijek Mathematical Gazette","og_url":"https:\/\/www.mathos.unios.hr\/en\/osijek-mathematical-gazette\/","og_site_name":"School of Applied Mathematics and Informatics","article_modified_time":"2026-03-17T07:05:37+00:00","og_image":[{"width":552,"height":830,"url":"https:\/\/www.mathos.unios.hr\/wp-content\/uploads\/2023\/02\/AVM6139.jpg","type":"image\/jpeg"}],"twitter_card":"summary_large_image","twitter_misc":{"Est. reading time":"7 minutes"},"schema":{"@context":"https:\/\/schema.org","@graph":[{"@type":"WebPage","@id":"https:\/\/www.mathos.unios.hr\/en\/osijek-mathematical-gazette\/","url":"https:\/\/www.mathos.unios.hr\/en\/osijek-mathematical-gazette\/","name":"Osijek Mathematical Gazette - School of Applied Mathematics and Informatics","isPartOf":{"@id":"https:\/\/www.mathos.unios.hr\/#website"},"primaryImageOfPage":{"@id":"https:\/\/www.mathos.unios.hr\/en\/osijek-mathematical-gazette\/#primaryimage"},"image":{"@id":"https:\/\/www.mathos.unios.hr\/en\/osijek-mathematical-gazette\/#primaryimage"},"thumbnailUrl":"https:\/\/www.mathos.unios.hr\/wp-content\/uploads\/2023\/02\/AVM6139.jpg","datePublished":"2022-09-28T10:49:18+00:00","dateModified":"2026-03-17T07:05:37+00:00","inLanguage":"en-US","potentialAction":[{"@type":"ReadAction","target":["https:\/\/www.mathos.unios.hr\/en\/osijek-mathematical-gazette\/"]}]},{"@type":"ImageObject","inLanguage":"en-US","@id":"https:\/\/www.mathos.unios.hr\/en\/osijek-mathematical-gazette\/#primaryimage","url":"https:\/\/www.mathos.unios.hr\/wp-content\/uploads\/2023\/02\/AVM6139.jpg","contentUrl":"https:\/\/www.mathos.unios.hr\/wp-content\/uploads\/2023\/02\/AVM6139.jpg"},{"@type":"WebSite","@id":"https:\/\/www.mathos.unios.hr\/#website","url":"https:\/\/www.mathos.unios.hr\/","name":"School of Applied Mathematics and Informatics","description":"MATHOS","potentialAction":[{"@type":"SearchAction","target":{"@type":"EntryPoint","urlTemplate":"https:\/\/www.mathos.unios.hr\/?s={search_term_string}"},"query-input":{"@type":"PropertyValueSpecification","valueRequired":true,"valueName":"search_term_string"}}],"inLanguage":"en-US"}]}},"_links":{"self":[{"href":"https:\/\/www.mathos.unios.hr\/en\/wp-json\/wp\/v2\/pages\/29070","targetHints":{"allow":["GET"]}}],"collection":[{"href":"https:\/\/www.mathos.unios.hr\/en\/wp-json\/wp\/v2\/pages"}],"about":[{"href":"https:\/\/www.mathos.unios.hr\/en\/wp-json\/wp\/v2\/types\/page"}],"author":[{"embeddable":true,"href":"https:\/\/www.mathos.unios.hr\/en\/wp-json\/wp\/v2\/users\/4"}],"replies":[{"embeddable":true,"href":"https:\/\/www.mathos.unios.hr\/en\/wp-json\/wp\/v2\/comments?post=29070"}],"version-history":[{"count":22,"href":"https:\/\/www.mathos.unios.hr\/en\/wp-json\/wp\/v2\/pages\/29070\/revisions"}],"predecessor-version":[{"id":54553,"href":"https:\/\/www.mathos.unios.hr\/en\/wp-json\/wp\/v2\/pages\/29070\/revisions\/54553"}],"wp:attachment":[{"href":"https:\/\/www.mathos.unios.hr\/en\/wp-json\/wp\/v2\/media?parent=29070"}],"curies":[{"name":"wp","href":"https:\/\/api.w.org\/{rel}","templated":true}]}}