{"id":29717,"date":"2022-06-06T14:31:02","date_gmt":"2022-06-06T12:31:02","guid":{"rendered":"https:\/\/www.mathos.unios.hr\/scientific-and-professional-conferences\/"},"modified":"2025-05-14T13:46:10","modified_gmt":"2025-05-14T11:46:10","slug":"znanstveni-i-strucni-skupovi","status":"publish","type":"page","link":"https:\/\/www.mathos.unios.hr\/en\/znanstveni-i-strucni-skupovi\/","title":{"rendered":"Znanstveni i stru\u010dni skupovi"},"content":{"rendered":"\n<p><strong>Aktualni<\/strong><\/p>\n\n\n\n<p><a href=\"https:\/\/micopam.com\/\">8th Mediterranean International Conference of Pure &amp; Applied Mathematics and Related Areas &#8211; MICOPAM 2025<\/a><br>8 &#8211; 12 September 2025, Osijek, Croatia, School of Applied Mathematics and Informatics, Josip Juraj Strossmayer University of Osijek, Croatia, Faculty of Civil Engineering, University of Zagreb, Croatia and Akdeniz University, Turkey<\/p>\n\n\n\n<p><a href=\"https:\/\/indico.mathos.hr\/event\/14\/\">The 10th International Scientific Colloquium Mathematics and Children<\/a><br>9 &#8211; 10 May 2025, Osijek, Croatia, School of Applied Mathematics and Informatics and Faculty of Education in Osijek, Josip Juraj Strossmayer University of Osijek<\/p>\n\n\n\n<p><a href=\"https:\/\/indico.mathos.hr\/event\/13\/\">4th Workshop on Optimal Control of Dynamical Systems and Applications<\/a><br>26. &#8211; 28. velja\u010de 2025., Vill\u00e1ny, Ma\u0111arska, Fakultet primijenjene matematike i informatike, Sveu\u010dili\u0161te J. J. Strossmayera u Osijeku i Udruga matemati\u010dara Osijek<\/p>\n\n\n\n<p><\/p>\n\n\n\n<p><strong>Prija\u0161nji<\/strong><\/p>\n\n\n\n<p><a class=\"ek-link\" href=\"https:\/\/applmath.math.pmf.unizg.hr\/2024\/#\/\">12th Conference on Applied Mathematics and Scientific Computing<\/a><br>23 &#8211; 27 September 2024, Dubrovnik, Croatia, Department of Mathematics, Faculty of Science, University of Zagreb, Croatian society for applied and industrial mathematics (CRO-MATH-IN) and School of Applied Mathematics and Informatics, Josip Juraj Strossmayer University of Osijek<\/p>\n\n\n\n<p><a class=\"ek-link\" href=\"https:\/\/inovmat.mathos.unios.hr\/\">Inovativna nastava matematike &#8211; 5. znanstveno-stru\u010dni skup<\/a><br>29. &#8211; 30. kolovoza 2024., Osijek, Hrvatska, Fakultet primijenjene matematike i informatike, Sveu\u010dili\u0161te J. J. Strossmayera u Osijeku, Udruga matemati\u010dara Osijek i Agencija za odgoj i obrazovanje<\/p>\n\n\n\n<p><a href=\"https:\/\/indico.mathos.hr\/event\/11\/\">8th Croatian Mathematical Congress<\/a><br>2 &#8211; 5 July 2024, Osijek, Croatia, School of Appied Mathematics and Computer Science, J. J. Strossmayer University of Osijek, Croatian Mathematical Society and Osijek Mathematical Society<\/p>\n\n\n\n<p><a href=\"https:\/\/www.mathos.unios.hr\/model-reduction-for-optimization-and-control\/\">Model Reduction for Optimization and Control &#8211;&nbsp; Winter school<\/a><br>19 &#8211; 23 February 2024, Dubrovnik, Croatia, COST and the Department of Mathematics, J. J. Strossmayer University of Osijek within COST action&nbsp;<a href=\"https:\/\/mat-dyn-net.eu\/\">Mathematical models for interacting dynamics on networks<\/a>&nbsp;(Mat-Dyn-Net), CA18232<\/p>\n\n\n\n<p><a href=\"https:\/\/indico.mathos.hr\/event\/12\/\" class=\"ek-link\">27th Young Statisticians Meeting<\/a><br>29. rujna &#8211; 1. listopada 2023., Osijek, Hrvatska, Fakultet primijenjene matematike i informatike, Sveu\u010dili\u0161te Josipa Jurja Strossmayera u&nbsp;Osijeku<\/p>\n\n\n\n<p><a href=\"http:\/\/www.project-gamma.eu\/gamma-final-conferenece-in-croatia\/\">Zavr\u0161na konferencija projekta GAMMA<\/a><br>31. kolovoza 2023., Osijek, Hrvatska, Fakultet primijenjene matematike i informatike, Sveu\u010dili\u0161te Josipa Jurja Strossmayera u&nbsp;Osijeku<\/p>\n\n\n\n<p>Inovativna nastava matematike &#8211; 4. Dr\u017eavni stru\u010dni skup nastavnika matematike<br>25. &#8211; 26. kolovoza 2022., Osijek, Hrvatska, Odjel za matematiku Sveu\u010dili\u0161ta Josipa Jurja Strossmayera u&nbsp;Osijeku, Udruga matemati\u010dara Osijek i Agencija za odgoj i obrazovanje<\/p>\n\n\n\n<p><a href=\"https:\/\/applmath.math.pmf.unizg.hr\/2022\/#\/\">Eleventh&nbsp;Conference on Applied Mathematics and Scientific Computing<\/a><a href=\"http:\/\/workshop.mathos.unios.hr\/\"><\/a><br>5 &#8211; 9 September 2022, Brijuni, Croatia, Department of Mathematics, Faculty of Science, University of Zagreb, Croatian society for applied and industrial mathematics (CRO-MATH-IN) and Department of Mathematics, Josip Juraj Strossmayer University of Osijek<\/p>\n\n\n\n<p><a href=\"https:\/\/web.math.pmf.unizg.hr\/nadu22\/#\/\">Analysis, PDEs and Applications &#8211; Celebrating 60th anniversary of professor Nenad Antoni\u0107<\/a><br>19 &#8211; 25 June 2022, Dubrovnik, Croatia, Department of Mathematics, J. J. Strossmayer University of Osijek, Department of Mathematics, Faculty of Science, University of Zagreb, Croatian society for applied and industrial mathematics (CRO-MATH-IN), Croatian Science Foundation<\/p>\n\n\n\n<p><a href=\"http:\/\/vims.mathos.unios.hr\/page-builder\/workshop-daad-2022\/\">3 rd&nbsp;Workshop on Optimal Control of Dynamical Systems and applications<\/a><br>28 &#8211; 31 March 2022, Osijek, Croatia, Department of Mathematics, J. J. Strossmayer University of Osijek<\/p>\n\n\n\n<p>Mathos dan karijera u financijama &#8211; stru\u010dni skup<br>28. svibnja 2021., Osijek, Hrvatska, Odjel za matematiku Sveu\u010dili\u0161ta Josipa Jurja Strossmayera u Osijeku<\/p>\n\n\n\n<p><a href=\"http:\/\/vims.mathos.unios.hr\/home\/workshop2020\/\">Workshop on Optimal Control of Dynamical Systems and applications<\/a><br>5 &#8211; 6 November 2020, Osijek, Croatia, Department of Mathematics, J. J. Strossmayer University of Osijek<a href=\"http:\/\/vims.mathos.unios.hr\/home\/workshop2020\/\"><\/a><\/p>\n\n\n\n<p><a href=\"http:\/\/m-brojevi.com\/Skup-2020\">Ra\u010dunalno jezikoslovlje i Zlatna formula hrvatskoga jezika<\/a><br>25. i 26. rujna 2020, Osijek, Hrvatska, Odjel za matematiku i Filozofski fakultet Sveu\u010dili\u0161ta Josipa Jurja Strossmayera u Osijeku<\/p>\n\n\n\n<p><a href=\"https:\/\/applmath.math.pmf.unizg.hr\/2020\/#\/\">Tenth Conference on Applied Mathematics and Scientific Computing<\/a><a href=\"http:\/\/workshop.mathos.unios.hr\/\"><\/a><br>14 &#8211; 18 September 2020, Brijuni, Croatia, Department of Mathematics, Faculty of Science, University of Zagreb and Department of Mathematics, Josip Juraj Strossmayer University of Osijek<\/p>\n\n\n\n<p>Inovativna nastava matematike &#8211; 3. Dr\u017eavni stru\u010dni skup nastavnika matematike<br>27. &#8211; 28. kolovoza 2020., Osijek, Hrvatska, Odjel za matematiku Sveu\u010dili\u0161ta Josipa Jurja Strossmayera u&nbsp;Osijeku i Udruga matemati\u010dara Osijek uz potporu Agencije za odgoj i obrazovanje<\/p>\n\n\n\n<p>Hrvatski jezik u ra\u010dunalnome jezikoslovlju<br>15. velja\u010de 2019., Osijek, Hrvatska, Odjel za matematiku Sveu\u010dili\u0161ta Josipa Jurja Strossmayera u&nbsp;Osijeku i Sveu\u010dili\u0161te Josipa Jurja Strossmayera u Osijeku<\/p>\n\n\n\n<p><a href=\"https:\/\/www.mathos.unios.hr\/wp-content\/uploads\/2023\/12\/Alergija_na_pelud-_PREVENCIJA.pdf\" class=\"ek-link\">Alergija na pelud &#8211; PREVENCIJA<\/a>&nbsp;&#8211; stru\u010dni skup u okviru projekta RealForAll<br>21. i 22. studenoga 2018., Osijek, Hrvatska, BioSens Institut, Odjel za matematiku Sveu\u010dili\u0161ta Josipa Jurja Strossmayera u&nbsp;Osijeku, Prirodno-matemati\u010dki fakultet Univerziteta u Novom Sadu i Grad Osijek<\/p>\n\n\n\n<p>Inovativna nastava matematike &#8211; 2. Dr\u017eavni stru\u010dni skup nastavnika matematike<br>30. &#8211; 31. kolovoza 2018., Osijek, Hrvatska, Odjel za matematiku Sveu\u010dili\u0161ta Josipa Jurja Strossmayera u&nbsp;Osijeku i Udruga matemati\u010dara Osijek uz potporu Agencije za odgoj i obrazovanje<\/p>\n\n\n\n<p>International Workshop on Optimal Control of Dynamical Systems and Applications<br>20 &#8211; 22 June 2018, Osijek, Croatia, Department of Mathematics, Josip Juraj Strossmayer University of Osijek&nbsp;<\/p>\n\n\n\n<p>Za\u0161to studirati matematiku i ra\u010dunarstvo? &#8211; Regionalni stru\u010dni skup nastavnika matematike i informatike<br>5. svibnja 2018., Osijek, Hrvatska, Odjel za matematiku Sveu\u010dili\u0161ta Josipa Jurja Strossmayera u&nbsp;Osijeku uz potporu Agencije za odgoj i obrazovanje<\/p>\n\n\n\n<p>Mathos Banking Day &#8211; stru\u010dni skup<br>9. o\u017eujka 2018., Osijek, Hrvatska, Odjel za matematiku Sveu\u010dili\u0161ta Josipa Jurja Strossmayera u Osijeku<\/p>\n\n\n\n<p>The sixth international scientific colloquium Mathematics and children<br>26 &#8211; 27 May 2017, Osijek, Croatia, Josip Juraj Strossmayer University of Osijek &#8211; Faculty of Education and Department of Mathematics<\/p>\n\n\n\n<p><a href=\"https:\/\/www.mathos.unios.hr\/wp-content\/uploads\/2023\/12\/banking_day_2018_program.pdf\" class=\"ek-link\">Mathos Banking Day &#8211; stru\u010dni skup<\/a><br>12. svibnja 2017., Osijek, Hrvatska, Odjel za matematiku Sveu\u010dili\u0161ta Josipa Jurja Strossmayera u Osijeku<\/p>\n\n\n\n<p>Inovativna nastava matematike &#8211; dr\u017eavni stru\u010dni skup nastavnika matematike<br>25. &#8211; 26. kolovoza 2016., Osijek, Hrvatska, Odjel za matematiku Sveu\u010dili\u0161ta Josipa Jurja Strossmayera u&nbsp;Osijeku i Udruga matemati\u010dara Osijek uz potporu Agencije za odgoj i obrazovanje<\/p>\n\n\n\n<p>Workshop on&nbsp;Model Reduction&nbsp;Methods and Optimization<br>20 &#8211; 21 September 2016, Opatija, Croatia, Department of Mathematics, Josip Juraj Strossmayer University of Osijek and European Model Reduction Network (EU-MORNET)<\/p>\n\n\n\n<p><a href=\"index.php\/2-uncategorised\/443-workshop-on-model-reduction-methods-and-optimization\"><\/a><a href=\"https:\/\/web.math.pmf.unizg.hr\/gf2016\/index.html\">International Conference on Generalized Functions<\/a><br>4 &#8211; 9 September 2016, Dubrovnik, Croatia, Department of Mathematics, Faculty of Science, University of Zagreb, Department of Mathematics, Josip Juraj Strossmayer University of Osijek and Centre for Advanced Academic Studies Dubrovnik, University of Zagreb<\/p>\n\n\n\n<p>16 th International Conference on Operational Research&nbsp;KOI 2016<br>27 &#8211; 29 September 2016, Osijek, Croatia, Croatian Operational Research Society, Faculty of Economics in Osijek and Department of Mathematics, University of Osijek<\/p>\n\n\n\n<p>The third International School on Model Reduction for Dynamical Control Systems<br>5 &#8211; 10&nbsp;October 2015, Dubrovnik, Croatia, Department of Mathematics, Josip Juraj Strossmayer University of Osijek and European Model Reduction Network (EU-MORNET)<\/p>\n\n\n\n<p>The fifth international scientific colloquium Mathematics and children &#8211; How to teach and learn mathematics<br>29 &#8211; 30 May 2015, Osijek, Croatia, Josip Juraj Strossmayer University of Osijek &#8211; Faculty of Teacher Education in Osijek and Department of Mathematics<\/p>\n\n\n\n<p><a href=\"http:\/\/www.hdoi.hr\/hr\/koi2014\"><\/a><a href=\"https:\/\/www.mathos.hr\/~ztomljan\/workshop14\/\">Workshop within DAAD project Optimal Damping of Vibrating Systems<\/a><br>7 &#8211; 10 October 2014, Osijek, Croatia, Department of Mathematics, University of Osijek, German Academic Exchange Service (DAAD) and Zeidler-Forschungs-Stiftung<\/p>\n\n\n\n<p>15 th International Conference on Operational Research&nbsp;KOI 2014<br>24 &#8211; 26 September 2014, Osijek, Croatia, Croatian Operational Research Society, Faculty of Economics in Osijek and Department of Mathematics, University of Osijek<\/p>\n\n\n\n<p>I. Symposium BIOMEDICAL INFORMATICS<br>21 February 2014, Osijek, Croatia, Josip Juraj Strossmayer University of Osijek &#8211; Faculty of Medicine, Faculty of Economics and Department of Mathematics<\/p>\n\n\n\n<p><a href=\"eysm18\/\"><\/a>DAAD International School on Linear Optimal Control of Dynamic Systems<br>23 &#8211; 28 September 2013, Osijek, Croatia, Department of Mathematics J. J. Strossmayer University of Osijek and German Academic Exchange Service (DAAD)<\/p>\n\n\n\n<p>18 th European Young Statisticians Meeting<a href=\"eysm18\/\" class=\"ek-link\"><br><\/a>26 &#8211; 30 August &nbsp;2013, Osijek, Croatia, Department of Mathematics J. J. Strossmayer University of Osijek and Bernoulli Society for Mathematical Statistics and Probability<a href=\"eysm18\/\"><\/a><\/p>\n\n\n\n<p><a href=\"koi2004\/\"><\/a>Fourth international scientific colloquium Mathematics and children &#8211; How to teach and learn mathematics<br>19 &#8211; 20 April 2013, Osijek, Croatia,&nbsp;Josip Juraj Strossmayer University of Osijek &#8211; Faculty of Teacher Education in Osijek and Department of Mathematics<\/p>\n\n\n\n<p><a href=\"eysm18\/\"><\/a><a href=\"eysm18\/\"><\/a><a href=\"http:\/\/www2.mpi-magdeburg.mpg.de\/mpcsc\/events\/trogir\/index.php\">Summer School on Numerical Linear Algebra for Dynamical and High-Dimensional Problems<\/a><br>10 &#8211; 15 October 2011, Trogir, Croatia, GAMM-Fachausschuss Angewandte, Numerische Lineare Algebra (ANLA) and Department of Mathematics J. J. Strossmayer University of Osijek&nbsp;<a href=\"http:\/\/www.ufos.unios.hr\/DATA\/skupovi\/matematika.php\"><\/a><\/p>\n\n\n\n<p>Third&nbsp;international scientific colloquium Mathematics and children &#8211; The Math Teacher<br>18 March 2011, Osijek, Croatia,&nbsp;Josip Juraj Strossmayer University of Osijek &#8211; Faculty of Teacher Education in Osijek and Department of Mathematics<\/p>\n\n\n\n<p>Second international scientific colloquium Mathematics and children &#8211; Learning Outcomes<br>24 April 2009, Osijek, Croatia,&nbsp;Josip Juraj Strossmayer University of Osijek &#8211; Faculty of Teacher Education in Osijek and Department of Mathematics<\/p>\n\n\n\n<p><a href=\"https:\/\/www.mathos.unios.hr\/congress2008\/\" class=\"ek-link\">4 th Croatian Mathematical Congress<\/a><br>17 &#8211; 20 June 2008, Osijek, Croatia,&nbsp;Department of Mathematics&nbsp;J. J. Strossmayer University of Osijek, Croatian Mathematical Society and Osijek Mathematical Society<a href=\"http:\/\/www.ufos.unios.hr\/DATA\/skupovi\/matematika.php\"><\/a><\/p>\n\n\n\n<p>First international scientific colloquium Mathematics and children &#8211; How to teach and learn mathematics<br>13 April 2007, Osijek, Croatia,&nbsp;Josip Juraj Strossmayer University of Osijek &#8211; Faculty of Teacher Education in Osijek and Department of Mathematics<\/p>\n\n\n\n<p>10 th International Conference on Operational Research&nbsp;KOI 2004<br>22 &#8211; 24 September 2004, Trogir, Croatia, Croatian Operational Research Society and&nbsp;Department of Mathematics&nbsp;J. J. Strossmayer University of Osijek<\/p>\n\n\n\n<p>8 th International Conference on Operational Research&nbsp;KOI 2000<br>27 &#8211; 29 September 2000, Rovinj, Croatia, Croatian Operational Research Society and&nbsp;Department of Mathematics&nbsp;J. J. Strossmayer University of Osijek<\/p>\n","protected":false},"excerpt":{"rendered":"Aktualni 8th Mediterranean International Conference of Pure &amp; Applied Mathematics and Related Areas &#8211; MICOPAM 20258 &#8211; 12 September 2025, Osijek, Croatia, School of Applied Mathematics and Informatics, Josip Juraj Strossmayer University of Osijek, Croatia, Faculty of Civil Engineering, University of Zagreb, Croatia and Akdeniz University, Turkey The 10th International Scientific Colloquium Mathematics and Children9 <a href=\"https:\/\/www.mathos.unios.hr\/en\/znanstveni-i-strucni-skupovi\/\" class=\"more-link\">&#8230;<span class=\"screen-reader-text\">  Znanstveni i stru\u010dni skupovi<\/span><\/a>","protected":false},"author":4,"featured_media":0,"parent":0,"menu_order":0,"comment_status":"closed","ping_status":"closed","template":"","meta":{"_acf_changed":false,"_editorskit_title_hidden":false,"_editorskit_reading_time":0,"_editorskit_is_block_options_detached":false,"_editorskit_block_options_position":"{}","kk_blocks_editor_width":"","_kiokenblocks_attr":"","_kiokenblocks_dimensions":"","footnotes":""},"class_list":["post-29717","page","type-page","status-publish","hentry"],"acf":[],"yoast_head":"<!-- This site is optimized with the Yoast SEO plugin v27.3 - https:\/\/yoast.com\/product\/yoast-seo-wordpress\/ -->\n<title>Znanstveni i stru\u010dni skupovi - School of Applied Mathematics and Informatics<\/title>\n<meta name=\"robots\" content=\"index, follow, max-snippet:-1, max-image-preview:large, max-video-preview:-1\" \/>\n<link rel=\"canonical\" href=\"https:\/\/www.mathos.unios.hr\/en\/znanstveni-i-strucni-skupovi\/\" \/>\n<meta property=\"og:locale\" content=\"en_US\" \/>\n<meta property=\"og:type\" content=\"article\" \/>\n<meta property=\"og:title\" content=\"Znanstveni i stru\u010dni skupovi - School of Applied Mathematics and Informatics\" \/>\n<meta property=\"og:description\" content=\"Aktualni 8th Mediterranean International Conference of Pure &amp; Applied Mathematics and Related Areas &#8211; MICOPAM 20258 &#8211; 12 September 2025, Osijek, Croatia, School of Applied Mathematics and Informatics, Josip Juraj Strossmayer University of Osijek, Croatia, Faculty of Civil Engineering, University of Zagreb, Croatia and Akdeniz University, Turkey The 10th International Scientific Colloquium Mathematics and Children9 ... Znanstveni i stru\u010dni skupovi\" \/>\n<meta property=\"og:url\" content=\"https:\/\/www.mathos.unios.hr\/en\/znanstveni-i-strucni-skupovi\/\" \/>\n<meta property=\"og:site_name\" content=\"School of Applied Mathematics and Informatics\" \/>\n<meta property=\"article:modified_time\" content=\"2025-05-14T11:46:10+00:00\" \/>\n<meta name=\"twitter:card\" content=\"summary_large_image\" \/>\n<meta name=\"twitter:label1\" content=\"Est. reading time\" \/>\n\t<meta name=\"twitter:data1\" content=\"8 minutes\" \/>\n<script type=\"application\/ld+json\" class=\"yoast-schema-graph\">{\"@context\":\"https:\\\/\\\/schema.org\",\"@graph\":[{\"@type\":\"WebPage\",\"@id\":\"https:\\\/\\\/www.mathos.unios.hr\\\/en\\\/znanstveni-i-strucni-skupovi\\\/\",\"url\":\"https:\\\/\\\/www.mathos.unios.hr\\\/en\\\/znanstveni-i-strucni-skupovi\\\/\",\"name\":\"Znanstveni i stru\u010dni skupovi - School of Applied Mathematics and Informatics\",\"isPartOf\":{\"@id\":\"https:\\\/\\\/www.mathos.unios.hr\\\/#website\"},\"datePublished\":\"2022-06-06T12:31:02+00:00\",\"dateModified\":\"2025-05-14T11:46:10+00:00\",\"inLanguage\":\"en-US\",\"potentialAction\":[{\"@type\":\"ReadAction\",\"target\":[\"https:\\\/\\\/www.mathos.unios.hr\\\/en\\\/znanstveni-i-strucni-skupovi\\\/\"]}]},{\"@type\":\"WebSite\",\"@id\":\"https:\\\/\\\/www.mathos.unios.hr\\\/#website\",\"url\":\"https:\\\/\\\/www.mathos.unios.hr\\\/\",\"name\":\"School of Applied Mathematics and Informatics\",\"description\":\"MATHOS\",\"potentialAction\":[{\"@type\":\"SearchAction\",\"target\":{\"@type\":\"EntryPoint\",\"urlTemplate\":\"https:\\\/\\\/www.mathos.unios.hr\\\/?s={search_term_string}\"},\"query-input\":{\"@type\":\"PropertyValueSpecification\",\"valueRequired\":true,\"valueName\":\"search_term_string\"}}],\"inLanguage\":\"en-US\"}]}<\/script>\n<!-- \/ Yoast SEO plugin. -->","yoast_head_json":{"title":"Znanstveni i stru\u010dni skupovi - School of Applied Mathematics and Informatics","robots":{"index":"index","follow":"follow","max-snippet":"max-snippet:-1","max-image-preview":"max-image-preview:large","max-video-preview":"max-video-preview:-1"},"canonical":"https:\/\/www.mathos.unios.hr\/en\/znanstveni-i-strucni-skupovi\/","og_locale":"en_US","og_type":"article","og_title":"Znanstveni i stru\u010dni skupovi - School of Applied Mathematics and Informatics","og_description":"Aktualni 8th Mediterranean International Conference of Pure &amp; Applied Mathematics and Related Areas &#8211; MICOPAM 20258 &#8211; 12 September 2025, Osijek, Croatia, School of Applied Mathematics and Informatics, Josip Juraj Strossmayer University of Osijek, Croatia, Faculty of Civil Engineering, University of Zagreb, Croatia and Akdeniz University, Turkey The 10th International Scientific Colloquium Mathematics and Children9 ... Znanstveni i stru\u010dni skupovi","og_url":"https:\/\/www.mathos.unios.hr\/en\/znanstveni-i-strucni-skupovi\/","og_site_name":"School of Applied Mathematics and Informatics","article_modified_time":"2025-05-14T11:46:10+00:00","twitter_card":"summary_large_image","twitter_misc":{"Est. reading time":"8 minutes"},"schema":{"@context":"https:\/\/schema.org","@graph":[{"@type":"WebPage","@id":"https:\/\/www.mathos.unios.hr\/en\/znanstveni-i-strucni-skupovi\/","url":"https:\/\/www.mathos.unios.hr\/en\/znanstveni-i-strucni-skupovi\/","name":"Znanstveni i stru\u010dni skupovi - School of Applied Mathematics and Informatics","isPartOf":{"@id":"https:\/\/www.mathos.unios.hr\/#website"},"datePublished":"2022-06-06T12:31:02+00:00","dateModified":"2025-05-14T11:46:10+00:00","inLanguage":"en-US","potentialAction":[{"@type":"ReadAction","target":["https:\/\/www.mathos.unios.hr\/en\/znanstveni-i-strucni-skupovi\/"]}]},{"@type":"WebSite","@id":"https:\/\/www.mathos.unios.hr\/#website","url":"https:\/\/www.mathos.unios.hr\/","name":"School of Applied Mathematics and Informatics","description":"MATHOS","potentialAction":[{"@type":"SearchAction","target":{"@type":"EntryPoint","urlTemplate":"https:\/\/www.mathos.unios.hr\/?s={search_term_string}"},"query-input":{"@type":"PropertyValueSpecification","valueRequired":true,"valueName":"search_term_string"}}],"inLanguage":"en-US"}]}},"_links":{"self":[{"href":"https:\/\/www.mathos.unios.hr\/en\/wp-json\/wp\/v2\/pages\/29717","targetHints":{"allow":["GET"]}}],"collection":[{"href":"https:\/\/www.mathos.unios.hr\/en\/wp-json\/wp\/v2\/pages"}],"about":[{"href":"https:\/\/www.mathos.unios.hr\/en\/wp-json\/wp\/v2\/types\/page"}],"author":[{"embeddable":true,"href":"https:\/\/www.mathos.unios.hr\/en\/wp-json\/wp\/v2\/users\/4"}],"replies":[{"embeddable":true,"href":"https:\/\/www.mathos.unios.hr\/en\/wp-json\/wp\/v2\/comments?post=29717"}],"version-history":[{"count":55,"href":"https:\/\/www.mathos.unios.hr\/en\/wp-json\/wp\/v2\/pages\/29717\/revisions"}],"predecessor-version":[{"id":45390,"href":"https:\/\/www.mathos.unios.hr\/en\/wp-json\/wp\/v2\/pages\/29717\/revisions\/45390"}],"wp:attachment":[{"href":"https:\/\/www.mathos.unios.hr\/en\/wp-json\/wp\/v2\/media?parent=29717"}],"curies":[{"name":"wp","href":"https:\/\/api.w.org\/{rel}","templated":true}]}}