{"id":51804,"date":"2022-06-06T14:55:37","date_gmt":"2022-06-06T12:55:37","guid":{"rendered":"https:\/\/www.mathos.unios.hr\/?page_id=51804"},"modified":"2026-02-02T12:59:11","modified_gmt":"2026-02-02T11:59:11","slug":"studentska-natjecanja-iz-matematike","status":"publish","type":"page","link":"https:\/\/www.mathos.unios.hr\/en\/studentska-natjecanja-iz-matematike\/","title":{"rendered":"Studentska natjecanja iz matematike"},"content":{"rendered":"\n<div class=\"wp-block-columns is-layout-flex wp-container-core-columns-is-layout-9d6595d7 wp-block-columns-is-layout-flex\">\n<div class=\"wp-block-column is-layout-flow wp-block-column-is-layout-flow\" style=\"flex-basis:66.66%\">\n<figure class=\"wp-block-image size-large\"><img loading=\"lazy\" decoding=\"async\" width=\"1024\" height=\"228\" src=\"https:\/\/www.mathos.unios.hr\/wp-content\/uploads\/2023\/03\/pic-1024x228.png\" alt=\"\" class=\"wp-image-2119\" srcset=\"https:\/\/www.mathos.unios.hr\/wp-content\/uploads\/2023\/03\/pic-1024x228.png 1024w, https:\/\/www.mathos.unios.hr\/wp-content\/uploads\/2023\/03\/pic-300x67.png 300w, https:\/\/www.mathos.unios.hr\/wp-content\/uploads\/2023\/03\/pic.png 1473w\" sizes=\"auto, (max-width: 1024px) 100vw, 1024px\" \/><\/figure>\n\n\n\n<h2 class=\"wp-block-heading\">Opis<\/h2>\n\n\n\n<p>Tim od nekoliko nastavnika i suradnika Fakulteta primijenjene matematike i informatike redovito organizira i izvodi pripreme studenata za sudjelovanje na raznim me\u0111unarodnim natjecanjima iz matematike. Studente se uglavnom priprema za sljede\u0107a natjecanja:<\/p>\n\n\n\n<ul class=\"wp-block-list\">\n<li><a href=\"http:\/\/www.imc-math.org.uk\/\">International Mathematics Competition<\/a><\/li>\n\n\n\n<li><a href=\"http:\/\/vjimc.osu.cz\/\">Vojtech Jarnik International Mathematical Competition<\/a>.<\/li>\n<\/ul>\n\n\n\n<p>Sudjelovanjem na pripremama zainteresirani studenti imaju priliku upoznati se sa raznim tehnikama, idejama i trikovima za rje\u0161avanje raznih matemati\u010dkih problema, a glavni cilj priprema je osposobljavanje studenata za uspje\u0161no analiziranje i rje\u0161avanje slo\u017eenih zadataka natjecateljskog tipa. Studenti \u0107e tako ste\u0107i nova znanja i iskustva: nau\u010diti \u0107e primjenjivati i povezivati osnovna znanja iz matemati\u010dke analize, linearne algebre, kombinatorne i diskretne matematike, teorije brojeva, geometrije i algebre, ali \u0107e i razvijati natjecateljski duh te \u0161iriti op\u0107u matemati\u010dku kulturu.<\/p>\n\n\n\n<p>Sva komunikacija odvija se putem Teams kanala kojem mo\u017eete pristupiti putem sljede\u0107e \u0161ifre: w8zzbzv.<\/p>\n<\/div>\n\n\n\n<div class=\"wp-block-column is-layout-flow wp-block-column-is-layout-flow\" style=\"flex-basis:33.33%\">\n<h3 class=\"wp-block-heading\">\u010clanovi<\/h3>\n\n\n\n<p>VODITELJI:<\/p>\n\n\n\n<ul class=\"wp-block-list\">\n<li>dr.sc. Darija Brajkovi\u0107 Zori\u0107<\/li>\n\n\n\n<li>doc.dr.sc Ivana Crnjac<\/li>\n\n\n\n<li>Maja Damjanovi\u0107<\/li>\n\n\n\n<li>izv.prof.dr.sc. Mirela Juki\u0107-Bokun<\/li>\n\n\n\n<li>doc.dr.sc. Ivan Papi\u0107<\/li>\n\n\n\n<li>izv.prof.dr.sc. Ljiljana Primorac Gaj\u010di\u0107<\/li>\n\n\n\n<li>Ivan Vukovi\u0107<\/li>\n<\/ul>\n\n\n\n<p><\/p>\n<\/div>\n<\/div>\n\n\n\n<p><\/p>\n","protected":false},"excerpt":{"rendered":"Opis Tim od nekoliko nastavnika i suradnika Fakulteta primijenjene matematike i informatike redovito organizira i izvodi pripreme studenata za sudjelovanje na raznim me\u0111unarodnim natjecanjima iz matematike. Studente se uglavnom priprema za sljede\u0107a natjecanja: Sudjelovanjem na pripremama zainteresirani studenti imaju priliku upoznati se sa raznim tehnikama, idejama i trikovima za rje\u0161avanje raznih matemati\u010dkih problema, a glavni <a href=\"https:\/\/www.mathos.unios.hr\/en\/studentska-natjecanja-iz-matematike\/\" class=\"more-link\">&#8230;<span class=\"screen-reader-text\">  Studentska natjecanja iz matematike<\/span><\/a>","protected":false},"author":4,"featured_media":0,"parent":0,"menu_order":0,"comment_status":"closed","ping_status":"closed","template":"","meta":{"_acf_changed":false,"_editorskit_title_hidden":false,"_editorskit_reading_time":0,"_editorskit_is_block_options_detached":false,"_editorskit_block_options_position":"{}","kk_blocks_editor_width":"","_kiokenblocks_attr":"","_kiokenblocks_dimensions":"","footnotes":""},"class_list":["post-51804","page","type-page","status-publish","hentry"],"acf":[],"yoast_head":"<!-- This site is optimized with the Yoast SEO plugin v27.4 - https:\/\/yoast.com\/product\/yoast-seo-wordpress\/ -->\n<title>Studentska natjecanja iz matematike - School of Applied Mathematics and Informatics<\/title>\n<meta name=\"robots\" content=\"index, follow, max-snippet:-1, max-image-preview:large, max-video-preview:-1\" \/>\n<link rel=\"canonical\" href=\"https:\/\/www.mathos.unios.hr\/en\/studentska-natjecanja-iz-matematike\/\" \/>\n<meta property=\"og:locale\" content=\"en_US\" \/>\n<meta property=\"og:type\" content=\"article\" \/>\n<meta property=\"og:title\" content=\"Studentska natjecanja iz matematike - School of Applied Mathematics and Informatics\" \/>\n<meta property=\"og:description\" content=\"Opis Tim od nekoliko nastavnika i suradnika Fakulteta primijenjene matematike i informatike redovito organizira i izvodi pripreme studenata za sudjelovanje na raznim me\u0111unarodnim natjecanjima iz matematike. Studente se uglavnom priprema za sljede\u0107a natjecanja: Sudjelovanjem na pripremama zainteresirani studenti imaju priliku upoznati se sa raznim tehnikama, idejama i trikovima za rje\u0161avanje raznih matemati\u010dkih problema, a glavni ... Studentska natjecanja iz matematike\" \/>\n<meta property=\"og:url\" content=\"https:\/\/www.mathos.unios.hr\/en\/studentska-natjecanja-iz-matematike\/\" \/>\n<meta property=\"og:site_name\" content=\"School of Applied Mathematics and Informatics\" \/>\n<meta property=\"article:modified_time\" content=\"2026-02-02T11:59:11+00:00\" \/>\n<meta property=\"og:image\" content=\"https:\/\/www.mathos.unios.hr\/wp-content\/uploads\/2023\/03\/pic.png\" \/>\n\t<meta property=\"og:image:width\" content=\"1473\" \/>\n\t<meta property=\"og:image:height\" content=\"328\" \/>\n\t<meta property=\"og:image:type\" content=\"image\/png\" \/>\n<meta name=\"twitter:card\" content=\"summary_large_image\" \/>\n<meta name=\"twitter:label1\" content=\"Est. reading time\" \/>\n\t<meta name=\"twitter:data1\" content=\"2 minutes\" \/>\n<script type=\"application\/ld+json\" class=\"yoast-schema-graph\">{\"@context\":\"https:\\\/\\\/schema.org\",\"@graph\":[{\"@type\":\"WebPage\",\"@id\":\"https:\\\/\\\/www.mathos.unios.hr\\\/en\\\/studentska-natjecanja-iz-matematike\\\/\",\"url\":\"https:\\\/\\\/www.mathos.unios.hr\\\/en\\\/studentska-natjecanja-iz-matematike\\\/\",\"name\":\"Studentska natjecanja iz matematike - School of Applied Mathematics and Informatics\",\"isPartOf\":{\"@id\":\"https:\\\/\\\/www.mathos.unios.hr\\\/#website\"},\"primaryImageOfPage\":{\"@id\":\"https:\\\/\\\/www.mathos.unios.hr\\\/en\\\/studentska-natjecanja-iz-matematike\\\/#primaryimage\"},\"image\":{\"@id\":\"https:\\\/\\\/www.mathos.unios.hr\\\/en\\\/studentska-natjecanja-iz-matematike\\\/#primaryimage\"},\"thumbnailUrl\":\"https:\\\/\\\/www.mathos.unios.hr\\\/wp-content\\\/uploads\\\/2023\\\/03\\\/pic-1024x228.png\",\"datePublished\":\"2022-06-06T12:55:37+00:00\",\"dateModified\":\"2026-02-02T11:59:11+00:00\",\"inLanguage\":\"en-US\",\"potentialAction\":[{\"@type\":\"ReadAction\",\"target\":[\"https:\\\/\\\/www.mathos.unios.hr\\\/en\\\/studentska-natjecanja-iz-matematike\\\/\"]}]},{\"@type\":\"ImageObject\",\"inLanguage\":\"en-US\",\"@id\":\"https:\\\/\\\/www.mathos.unios.hr\\\/en\\\/studentska-natjecanja-iz-matematike\\\/#primaryimage\",\"url\":\"https:\\\/\\\/www.mathos.unios.hr\\\/wp-content\\\/uploads\\\/2023\\\/03\\\/pic-1024x228.png\",\"contentUrl\":\"https:\\\/\\\/www.mathos.unios.hr\\\/wp-content\\\/uploads\\\/2023\\\/03\\\/pic-1024x228.png\"},{\"@type\":\"WebSite\",\"@id\":\"https:\\\/\\\/www.mathos.unios.hr\\\/#website\",\"url\":\"https:\\\/\\\/www.mathos.unios.hr\\\/\",\"name\":\"School of Applied Mathematics and Informatics\",\"description\":\"MATHOS\",\"potentialAction\":[{\"@type\":\"SearchAction\",\"target\":{\"@type\":\"EntryPoint\",\"urlTemplate\":\"https:\\\/\\\/www.mathos.unios.hr\\\/?s={search_term_string}\"},\"query-input\":{\"@type\":\"PropertyValueSpecification\",\"valueRequired\":true,\"valueName\":\"search_term_string\"}}],\"inLanguage\":\"en-US\"}]}<\/script>\n<!-- \/ Yoast SEO plugin. -->","yoast_head_json":{"title":"Studentska natjecanja iz matematike - School of Applied Mathematics and Informatics","robots":{"index":"index","follow":"follow","max-snippet":"max-snippet:-1","max-image-preview":"max-image-preview:large","max-video-preview":"max-video-preview:-1"},"canonical":"https:\/\/www.mathos.unios.hr\/en\/studentska-natjecanja-iz-matematike\/","og_locale":"en_US","og_type":"article","og_title":"Studentska natjecanja iz matematike - School of Applied Mathematics and Informatics","og_description":"Opis Tim od nekoliko nastavnika i suradnika Fakulteta primijenjene matematike i informatike redovito organizira i izvodi pripreme studenata za sudjelovanje na raznim me\u0111unarodnim natjecanjima iz matematike. Studente se uglavnom priprema za sljede\u0107a natjecanja: Sudjelovanjem na pripremama zainteresirani studenti imaju priliku upoznati se sa raznim tehnikama, idejama i trikovima za rje\u0161avanje raznih matemati\u010dkih problema, a glavni ... Studentska natjecanja iz matematike","og_url":"https:\/\/www.mathos.unios.hr\/en\/studentska-natjecanja-iz-matematike\/","og_site_name":"School of Applied Mathematics and Informatics","article_modified_time":"2026-02-02T11:59:11+00:00","og_image":[{"width":1473,"height":328,"url":"https:\/\/www.mathos.unios.hr\/wp-content\/uploads\/2023\/03\/pic.png","type":"image\/png"}],"twitter_card":"summary_large_image","twitter_misc":{"Est. reading time":"2 minutes"},"schema":{"@context":"https:\/\/schema.org","@graph":[{"@type":"WebPage","@id":"https:\/\/www.mathos.unios.hr\/en\/studentska-natjecanja-iz-matematike\/","url":"https:\/\/www.mathos.unios.hr\/en\/studentska-natjecanja-iz-matematike\/","name":"Studentska natjecanja iz matematike - School of Applied Mathematics and Informatics","isPartOf":{"@id":"https:\/\/www.mathos.unios.hr\/#website"},"primaryImageOfPage":{"@id":"https:\/\/www.mathos.unios.hr\/en\/studentska-natjecanja-iz-matematike\/#primaryimage"},"image":{"@id":"https:\/\/www.mathos.unios.hr\/en\/studentska-natjecanja-iz-matematike\/#primaryimage"},"thumbnailUrl":"https:\/\/www.mathos.unios.hr\/wp-content\/uploads\/2023\/03\/pic-1024x228.png","datePublished":"2022-06-06T12:55:37+00:00","dateModified":"2026-02-02T11:59:11+00:00","inLanguage":"en-US","potentialAction":[{"@type":"ReadAction","target":["https:\/\/www.mathos.unios.hr\/en\/studentska-natjecanja-iz-matematike\/"]}]},{"@type":"ImageObject","inLanguage":"en-US","@id":"https:\/\/www.mathos.unios.hr\/en\/studentska-natjecanja-iz-matematike\/#primaryimage","url":"https:\/\/www.mathos.unios.hr\/wp-content\/uploads\/2023\/03\/pic-1024x228.png","contentUrl":"https:\/\/www.mathos.unios.hr\/wp-content\/uploads\/2023\/03\/pic-1024x228.png"},{"@type":"WebSite","@id":"https:\/\/www.mathos.unios.hr\/#website","url":"https:\/\/www.mathos.unios.hr\/","name":"School of Applied Mathematics and Informatics","description":"MATHOS","potentialAction":[{"@type":"SearchAction","target":{"@type":"EntryPoint","urlTemplate":"https:\/\/www.mathos.unios.hr\/?s={search_term_string}"},"query-input":{"@type":"PropertyValueSpecification","valueRequired":true,"valueName":"search_term_string"}}],"inLanguage":"en-US"}]}},"_links":{"self":[{"href":"https:\/\/www.mathos.unios.hr\/en\/wp-json\/wp\/v2\/pages\/51804","targetHints":{"allow":["GET"]}}],"collection":[{"href":"https:\/\/www.mathos.unios.hr\/en\/wp-json\/wp\/v2\/pages"}],"about":[{"href":"https:\/\/www.mathos.unios.hr\/en\/wp-json\/wp\/v2\/types\/page"}],"author":[{"embeddable":true,"href":"https:\/\/www.mathos.unios.hr\/en\/wp-json\/wp\/v2\/users\/4"}],"replies":[{"embeddable":true,"href":"https:\/\/www.mathos.unios.hr\/en\/wp-json\/wp\/v2\/comments?post=51804"}],"version-history":[{"count":3,"href":"https:\/\/www.mathos.unios.hr\/en\/wp-json\/wp\/v2\/pages\/51804\/revisions"}],"predecessor-version":[{"id":52431,"href":"https:\/\/www.mathos.unios.hr\/en\/wp-json\/wp\/v2\/pages\/51804\/revisions\/52431"}],"wp:attachment":[{"href":"https:\/\/www.mathos.unios.hr\/en\/wp-json\/wp\/v2\/media?parent=51804"}],"curies":[{"name":"wp","href":"https:\/\/api.w.org\/{rel}","templated":true}]}}